{"id":2396,"date":"2023-01-26T10:31:18","date_gmt":"2023-01-26T10:31:18","guid":{"rendered":"https:\/\/agrariatordera.com\/?page_id=2396"},"modified":"2023-01-26T11:09:46","modified_gmt":"2023-01-26T11:09:46","slug":"politica-cookies","status":"publish","type":"page","link":"https:\/\/agrariatordera.com\/?page_id=2396","title":{"rendered":"Pol\u00edtica cookies"},"content":{"rendered":"\t\t<div data-elementor-type=\"wp-page\" data-elementor-id=\"2396\" class=\"elementor elementor-2396\">\n\t\t\t\t\t\t<section class=\"elementor-section elementor-top-section elementor-element elementor-element-cf501f5 elementor-section-boxed elementor-section-height-default elementor-section-height-default\" data-id=\"cf501f5\" data-element_type=\"section\">\n\t\t\t\t\t\t<div class=\"elementor-container elementor-column-gap-default\">\n\t\t\t\t\t<div class=\"elementor-column elementor-col-100 elementor-top-column elementor-element elementor-element-b57f51e\" data-id=\"b57f51e\" data-element_type=\"column\">\n\t\t\t<div class=\"elementor-widget-wrap elementor-element-populated\">\n\t\t\t\t\t\t<div class=\"elementor-element elementor-element-42a68fe elementor-widget elementor-widget-heading\" data-id=\"42a68fe\" data-element_type=\"widget\" data-widget_type=\"heading.default\">\n\t\t\t\t<div class=\"elementor-widget-container\">\n\t\t\t\t\t<h2 class=\"elementor-heading-title elementor-size-default\">Pol\u00edtica de Cookies <\/h2>\t\t\t\t<\/div>\n\t\t\t\t<\/div>\n\t\t\t\t\t<\/div>\n\t\t<\/div>\n\t\t\t\t\t<\/div>\n\t\t<\/section>\n\t\t\t\t<section class=\"elementor-section elementor-top-section elementor-element elementor-element-929f3b1 elementor-section-boxed elementor-section-height-default elementor-section-height-default\" data-id=\"929f3b1\" data-element_type=\"section\">\n\t\t\t\t\t\t<div class=\"elementor-container elementor-column-gap-default\">\n\t\t\t\t\t<div class=\"elementor-column elementor-col-100 elementor-top-column elementor-element elementor-element-44ed408\" data-id=\"44ed408\" data-element_type=\"column\">\n\t\t\t<div class=\"elementor-widget-wrap elementor-element-populated\">\n\t\t\t\t\t\t<div class=\"elementor-element elementor-element-1064c78 elementor-widget elementor-widget-text-editor\" data-id=\"1064c78\" data-element_type=\"widget\" data-widget_type=\"text-editor.default\">\n\t\t\t\t<div class=\"elementor-widget-container\">\n\t\t\t\t\t\t\t\t\t<h4><span>Informaci\u00f3n general de las cookies<\/span><\/h4><p><span>La confianza del usuario es importante para nosotros, y por consiguiente, en\u00a0<\/span><strong><span>AGRARIA LA BAIXA TORDERA, SCCL<\/span><\/strong><span>\u00a0nos preocupa proteger su privacidad.\u00a0Un aspecto importante de esto es proporcionarle toda la informaci\u00f3n posible sobre c\u00f3mo utilizamos tus datos de car\u00e1cter personal, incluso c\u00f3mo utilizamos el almacenamiento local de datos y tecnolog\u00eda similar<\/span><\/p><p><span>El almacenamiento local de datos implica almacenar diferentes tipos de datos localmente en su dispositivo a trav\u00e9s de su navegador web.\u00a0Los datos almacenados localmente pueden, por ejemplo, contener la configuraci\u00f3n del usuario, informaci\u00f3n sobre c\u00f3mo navega por nuestro sitio web, qu\u00e9 navegador web utiliza, qu\u00e9 anuncios se han mostrado, y el comportamiento similar en sitios web con los que colaboramos.\u00a0Los datos almacenados localmente pueden ser utilizados para personalizar el contenido y las funciones en nuestros servicios de forma que sus visitas sean m\u00e1s c\u00f3modas y tengan m\u00e1s sentido.<\/span><\/p><p><span>Un m\u00e9todo de almacenamiento local de datos son las cookies.\u00a0Las cookies son peque\u00f1os archivos de texto que se almacenan en su dispositivo (PC, tel\u00e9fono m\u00f3vil o tableta) que no permiten reconocer su navegador web.\u00a0Las cookies contienen informaci\u00f3n principalmente sobre su navegador web y sobre cualquier actividad que se haya producido en \u00e9l.\u00a0Nos ayudan a garantizar la seguridad y el funcionamiento \u00f3ptimo de nuestro sitio web, una vez sale de nuestra web estas son eliminadas (cookies de seguridad y cookies de sesi\u00f3n) y recogen informaci\u00f3n sobre los productos que les interesan a nuestras visitas de internet y sobre c\u00f3mo navegan a trav\u00e9s de nuestro sitio web para que nuestras ofertas en l\u00ednea sean m\u00e1s atractivas para los usuarios (cookies de seguimiento).<\/span><\/p><h4><span>Informaci\u00f3n complementaria de las cookies<\/span><\/h4><p><span>Utilizamos el almacenamiento local de datos para una serie de multas, tales como: permitirnos realizar nuestros servicios;\u00a0aportarte contenido relevante, personalizado cuando visites nuestros sitios web;\u00a0Medir y analizar el tr\u00e1fico en nuestro sitio web;\u00a0mejorar nuestros servicios;\u00a0y publicidad espec\u00edfica.\u00a0A continuaci\u00f3n, se ofrecen m\u00e1s detalles sobre estos temas:<\/span><\/p><ul><li><span>Para nuestra publicidad<\/span><\/li><\/ul><p><span>Utilizamos el almacenamiento local de datos en relaci\u00f3n con las actividades publicitarias.\u00a0Esto nos permite saber si y con frecuencia el usuario ha visto un anuncio o determinado tipo de anuncio, y cu\u00e1nto tiempo hace que lo vio. <\/span><span>Tambi\u00e9n utilizamos el almacenamiento local de datos para construir segmentos y grupos objetivo con fines de marketing y para dirigir anuncios espec\u00edficos.<\/span><\/p><ul><li><span>Para analizar y mejorar nuestros servicios<\/span><\/li><\/ul><p><span>Utilizamos diversas herramientas de medici\u00f3n que nuestras estad\u00edsticas precisas y an\u00e1lisis relativas a nuestros servicios.\u00a0Estas herramientas nos permiten reconocer el navegador web a lo largo del tiempo y averiguar si el usuario ha visitado el sitio web anteriormente y si es as\u00ed con qu\u00e9 frecuencia.\u00a0Estas herramientas nos ofrecen la posibilidad de lograr una visi\u00f3n general de cu\u00e1ntos usuarios \u00fanicos tenemos y c\u00f3mo utilizan nuestros servicios. <\/span><span>Asimismo, utilizamos la informaci\u00f3n que hemos recopilado y analizado para desarrollar y mejorar nuestros servicios;\u00a0por ejemplo, averiguando qu\u00e9 servicios generan mucho tr\u00e1fico o viendo si un servicio est\u00e1 funcionando de manera \u00f3ptima.<\/span><\/p><ul><li><span>Para entregar y adaptar los servicios a su uso<\/span><\/li><\/ul><p><span>Se requiere y es necesario el almacenamiento local de datos con el fin de permitirte utilizar nuestros servicios, tales como informaci\u00f3n sobre su configuraci\u00f3n, que nos dice c\u00f3mo deben mostrar los servicios en tu navegador web. <\/span><span>Tambi\u00e9n utilizamos el almacenamiento local de datos para adaptar nuestros servicios a su uso lo mejor posible.<\/span><\/p><h4><span>Gesti\u00f3n de las cookies<\/span><\/h4><p><span>Puede desactivar las cookies o configurar su navegador para que le avise cuando le env\u00ede una cookie.<\/span><\/p><p><span>La configuraci\u00f3n en su navegador web normalmente muestra una lista de todas las cookies que han sido almacenadas para proporcionarle una visi\u00f3n general y, si lo desea, para eliminar las cookies no deseadas.\u00a0Normalmente, puede indicar que acepte el almacenamiento de cookies de los sitios web que visitas o de terceros afiliados a dichos sitios web.\u00a0Tambi\u00e9n puede elegir ser notificado cada vez que se almacena una nueva cookie.\u00a0Se le proporciona a continuaci\u00f3n orientaci\u00f3n sobre c\u00f3mo hacer esto en diferentes navegadores web.\u00a0Su navegador web almacena normalmente cookies en una carpeta espec\u00edfica en su disco duro, de forma que pueda examinar tambi\u00e9n el contenido con m\u00e1s detalle.<\/span><\/p><p><span>Sin embargo, las cookies que est\u00e1n presentes en el sitio web cambian con frecuencia, y no todas las cookies son iguales de importantes.\u00a0Por consiguiente, si\u00a0<\/span><strong><span>AGRARIA LA BAIXA TORDERA, SCCL<\/span><\/strong><span>\u00a0cambia el uso de las cookies de seguimiento, se le notificar\u00e1 con un mensaje.<\/span><\/p><p><span>Asimismo, hay servicios disponibles que han sido desarrollados especialmente para proporcionar a los usuarios una lista actualizada de cookies y otros mecanismos de seguimiento.<\/span><\/p><p><span>Tenga en cuenta que si usted las desactiva, es posible que no pueda disfrutar de todas las funcionalidades de nuestro sitio web<\/span><\/p><p><span>A continuaci\u00f3n, se le presenta un resumen de c\u00f3mo los datos almacenados localmente pueden ser gestionados en diferentes navegadores web.\u00a0Tenga en cuenta que este proceso puede cambiar y que las descripciones dadas aqu\u00ed no pueden estar actualizadas.<\/span><\/p><h5><span>Gesti\u00f3n de cookies en Google Chrome<\/span><\/h5><ul><li><span>C\u00f3mo eliminar las cookies:<\/span>\u00a0<ol><li><span>Vea la Configuraci\u00f3n en el men\u00fa de su navegador.<\/span><\/li><li><span>Haz clic en Mostrar configuraci\u00f3n avanzada.<\/span><\/li><li><span>Haz clic en Eliminar datos de navegaci\u00f3n.<\/span><\/li><li><span>Seleccione el per\u00edodo de tiempo para el que desea eliminar la informaci\u00f3n en el men\u00fa en la parte superior.\u00a0Si desea eliminar todas las cookies en el navegador, haga clic en Desde el origen de los tiempos.<\/span><\/li><li><span>Marca Cookies y otros datos de sitios y complementos.<\/span><\/li><li><span>Haz clic en Borrar datos de navegaci\u00f3n.<\/span><\/li><li><span>Cierra la ventana.<\/span><\/li><\/ol><\/li><\/ul><p>\u00a0<\/p><ul><li><span>C\u00f3mo evitar que las cookies se almacenen en el navegador web:<\/span><ol><li><span>Ve a Configuraci\u00f3n en el men\u00fa de tu navegador.<\/span><\/li><li><span>Haz clic en Mostrar configuraci\u00f3n avanzada y despu\u00e9s haz clic en Configuraci\u00f3n de contenido.<\/span><\/li><li><span>En Cookies, selecciona tu opci\u00f3n preferida.\u00a0Si desea evitar que todas las cookies se almacenen, haga clic en No permitir que se guarden datos de los sitios.<\/span><\/li><li><span>Haz clic en Hecho.<\/span><\/li><li><span>Cierra la ventana.<\/span><\/li><\/ol><\/li><\/ul><p>\u00a0<\/p><h5><span>Gesti\u00f3n de cookies en Safari<\/span><\/h5><ul><li><span>C\u00f3mo eliminar las cookies:<\/span><ol><li><span>Ir a Preferencias en el men\u00fa de su navegador.<\/span><\/li><li><span>Haz clic en la pesta\u00f1a Privacidad.<\/span><\/li><li><span>Haz clic en Eliminar todos los datos de los sitios web y despu\u00e9s haz clic en Eliminar para eliminar todas las cookies.<\/span><\/li><li><span>Cierra la ventana.<\/span><\/li><\/ol><\/li><li><span>C\u00f3mo evitar que las cookies se almacenen en su navegador web:<\/span><ol><li><span>Ir a Preferencias en el men\u00fa de tu navegador<\/span><\/li><li><span>Haz clic en la pesta\u00f1a Privacidad.<\/span><\/li><li><span>En Cookies y datos de sitios web selecciona tu opci\u00f3n preferida.\u00a0Si desea evitar que todas las cookies se almacenen, haga clic en Bloquear siempre.<\/span><\/li><li><span>Cierra la ventana.<\/span><\/li><\/ol><\/li><\/ul><h5>\u00a0<\/h5><h5><span>Gesti\u00f3n de cookies en Mozilla Firefox<\/span><\/h5><ul><li><span>C\u00f3mo eliminar las cookies:<\/span><ol><li><span>Ir a Opciones en el men\u00fa de su navegador.<\/span><\/li><li><span>Haz clic en la pesta\u00f1a Privacidad.<\/span><\/li><li><span>Haz clic en Mostrar cookies.<\/span><\/li><li><span>Selecciona las cookies que deseas eliminar y haz clic en Eliminar seleccionadas.\u00a0Haz clic en Eliminar todas si deseas eliminar todas las cookies en tu navegador web.<\/span><\/li><li><span>Cierra la ventana.\u00a0Cualquier cambio que haya hecho se guardar\u00e1 autom\u00e1ticamente.<\/span><\/li><\/ol><\/li><li><span>C\u00f3mo evitar que las cookies se almacenen en tu navegador web:<\/span><ol><li><span>Vaya a Configuraci\u00f3n en el men\u00fa de su navegador.<\/span><\/li><li><span>Selecciona la pesta\u00f1a Privacidad.<\/span><\/li><li><span>En Historial, haz clic en Usar una configuraci\u00f3n personalizada para el historial.<\/span><\/li><li><span>Selecciona tus opciones preferidas en Permitir cookies de sitios web.\u00a0Si desea evitar que todas las cookies se almacenen, desactive la casilla Aceptar cookies de sitios web.<\/span><\/li><li><span>Cierra la ventana.\u00a0Cualquier cambio que haya hecho se guardar\u00e1 autom\u00e1ticamente.<\/span><\/li><\/ol><\/li><\/ul><h5>\u00a0<\/h5><h5><span>Gesti\u00f3n de cookies en Internet Explorer<\/span><\/h5><ul><li><span>C\u00f3mo eliminar las cookies:<\/span><ol><li><span>Vaya a Herramientas (icono de rueda dentada) en el men\u00fa de su navegador.<\/span><\/li><li><span>Haz click en Propiedades de Internet.<\/span><\/li><li><span>En la pesta\u00f1a General &#8211; Historial de navegaci\u00f3n, haz clic en Eliminar.<\/span><\/li><li><span>Aseg\u00farese de marcar la opci\u00f3n Cookies y datos de sitios web.<\/span><\/li><li><span>Haz clic en Eliminar.<\/span><\/li><li><span>Haz clic en Aceptar.<\/span><\/li><\/ol><\/li><li><span>C\u00f3mo evitar que las cookies se almacenen en su navegador web:<\/span><ol><li><span>Vaya a Herramientas (icono de rueda dentada) en el men\u00fa de su navegador.<\/span><\/li><li><span>Haz clic en Opciones de Internet y despu\u00e9s haz clic en la pesta\u00f1a Privacidad.<\/span><\/li><li><span>Mueve la barra deslizante al nivel deseado.\u00a0Si desea evitar que todas las cookies se almacenen, seleccione el nivel Bloquear todas las cookies.<\/span><\/li><li><span>Haz clic en Aceptar.<\/span><\/li><\/ol><\/li><\/ul><h5>\u00a0<\/h5><h5><span>Gesti\u00f3n de cookies en Opera<\/span><\/h5><ul><li style=\"list-style-type: none;\"><ul><li><span>C\u00f3mo eliminar las cookies:<\/span><ol><li><span>Vaya a Configuraci\u00f3n en el men\u00fa de su navegador.<\/span><\/li><li><span>Selecciona la pesta\u00f1a de Privacidad y Seguridad.<\/span><\/li><li><span>Haz clic en Cookies y despu\u00e9s haz clic en Todas las cookies y datos de sitios web.<\/span><\/li><li><span>Selecciona las cookies que deseas eliminar y haz clic en Eliminar.\u00a0Haz clic en Eliminar todas si deseas eliminar todas las cookies en tu navegador web.<\/span><\/li><li><span>Haz clic en Hecho.<\/span><\/li><li><span>Cierra la ventana.<\/span><\/li><\/ol><\/li><li><span>C\u00f3mo evitar que las cookies se almacenen en su navegador web:<\/span><ol><li><span>Vaya a Configuraci\u00f3n en el men\u00fa de su navegador.<\/span><\/li><li><span>Selecciona la pesta\u00f1a de Privacidad y Seguridad.<\/span>En Cookies, selecciona tu opci\u00f3n preferida.\u00a0Si desea evitar que todas las cookies se almacenen, haga clic en No permitir que se guarden datos de los sitios.<\/li><li><span>Cierra la ventana.<\/span><\/li><\/ol><\/li><\/ul><\/li><\/ul><ul><li style=\"list-style-type: none;\">\u00a0<\/li><\/ul><h5><span>Informaci\u00f3n de contacto<\/span><\/h5><p><span>Para mayor transparencia, si tiene alguna pregunta relativa al uso del almacenamiento local de nuestro sitio web, p\u00f3ngase en contacto con nosotros en\u00a0<\/span><strong><span>AGRARIA@COOPTORDERA.CAT<\/span><\/strong><span>\u00a0, indicando en el asunto \u00abPol\u00edtica de cookies\u00bb<\/span><\/p>\t\t\t\t\t\t\t\t<\/div>\n\t\t\t\t<\/div>\n\t\t\t\t\t<\/div>\n\t\t<\/div>\n\t\t\t\t\t<\/div>\n\t\t<\/section>\n\t\t\t\t<\/div>\n\t\t","protected":false},"excerpt":{"rendered":"<p>Pol\u00edtica de Cookies Informaci\u00f3n general de las cookies La confianza del usuario es importante para nosotros, y por consiguiente, en&nbsp;AGRARIA LA BAIXA TORDERA, SCCL&nbsp;nos preocupa proteger su privacidad.&nbsp;Un aspecto importante de esto es proporcionarle toda la informaci\u00f3n posible sobre c\u00f3mo utilizamos tus datos de car\u00e1cter personal, incluso c\u00f3mo utilizamos el almacenamiento local de datos y&hellip;&nbsp;<a href=\"https:\/\/agrariatordera.com\/?page_id=2396\" class=\"\" rel=\"bookmark\">Leer m\u00e1s &raquo;<span class=\"screen-reader-text\">Pol\u00edtica cookies<\/span><\/a><\/p>\n","protected":false},"author":1,"featured_media":0,"parent":0,"menu_order":0,"comment_status":"closed","ping_status":"closed","template":"page-templates\/template-pagebuilder-full-width.php","meta":{"neve_meta_sidebar":"full-width","neve_meta_container":"","neve_meta_enable_content_width":"on","neve_meta_content_width":100,"neve_meta_title_alignment":"","neve_meta_author_avatar":"","neve_post_elements_order":"","neve_meta_disable_header":"","neve_meta_disable_footer":"","neve_meta_disable_title":"on","footnotes":""},"yoast_head":"<!-- This site is optimized with the Yoast SEO plugin v22.6 - https:\/\/yoast.com\/wordpress\/plugins\/seo\/ -->\n<title>Pol\u00edtica cookies - Cooperativa Agraria Tordera<\/title>\n<meta name=\"robots\" content=\"index, follow, max-snippet:-1, max-image-preview:large, max-video-preview:-1\" \/>\n<link rel=\"canonical\" href=\"https:\/\/agrariatordera.com\/?page_id=2396\" \/>\n<meta property=\"og:locale\" content=\"es_ES\" \/>\n<meta property=\"og:type\" content=\"article\" \/>\n<meta property=\"og:title\" content=\"Pol\u00edtica cookies - Cooperativa Agraria Tordera\" \/>\n<meta property=\"og:description\" content=\"Pol\u00edtica de Cookies Informaci\u00f3n general de las cookies La confianza del usuario es importante para nosotros, y por consiguiente, en&nbsp;AGRARIA LA BAIXA TORDERA, SCCL&nbsp;nos preocupa proteger su privacidad.&nbsp;Un aspecto importante de esto es proporcionarle toda la informaci\u00f3n posible sobre c\u00f3mo utilizamos tus datos de car\u00e1cter personal, incluso c\u00f3mo utilizamos el almacenamiento local de datos y&hellip;&nbsp;Leer m\u00e1s &raquo;Pol\u00edtica cookies\" \/>\n<meta property=\"og:url\" content=\"https:\/\/agrariatordera.com\/?page_id=2396\" \/>\n<meta property=\"og:site_name\" content=\"Cooperativa Agraria Tordera\" \/>\n<meta property=\"article:modified_time\" content=\"2023-01-26T11:09:46+00:00\" \/>\n<meta name=\"twitter:card\" content=\"summary_large_image\" \/>\n<meta name=\"twitter:label1\" content=\"Tiempo de lectura\" \/>\n\t<meta name=\"twitter:data1\" content=\"7 minutos\" \/>\n<script type=\"application\/ld+json\" class=\"yoast-schema-graph\">{\"@context\":\"https:\/\/schema.org\",\"@graph\":[{\"@type\":\"WebPage\",\"@id\":\"https:\/\/agrariatordera.com\/?page_id=2396\",\"url\":\"https:\/\/agrariatordera.com\/?page_id=2396\",\"name\":\"Pol\u00edtica cookies - Cooperativa Agraria Tordera\",\"isPartOf\":{\"@id\":\"https:\/\/agrariatordera.com\/#website\"},\"datePublished\":\"2023-01-26T10:31:18+00:00\",\"dateModified\":\"2023-01-26T11:09:46+00:00\",\"breadcrumb\":{\"@id\":\"https:\/\/agrariatordera.com\/?page_id=2396#breadcrumb\"},\"inLanguage\":\"es\",\"potentialAction\":[{\"@type\":\"ReadAction\",\"target\":[\"https:\/\/agrariatordera.com\/?page_id=2396\"]}]},{\"@type\":\"BreadcrumbList\",\"@id\":\"https:\/\/agrariatordera.com\/?page_id=2396#breadcrumb\",\"itemListElement\":[{\"@type\":\"ListItem\",\"position\":1,\"name\":\"Portada\",\"item\":\"https:\/\/agrariatordera.com\/\"},{\"@type\":\"ListItem\",\"position\":2,\"name\":\"Pol\u00edtica cookies\"}]},{\"@type\":\"WebSite\",\"@id\":\"https:\/\/agrariatordera.com\/#website\",\"url\":\"https:\/\/agrariatordera.com\/\",\"name\":\"Cooperativa Agraria Tordera\",\"description\":\"Espai on l\u2019agricultor i el ramader poden trobar tot el material i serveis necessaris per desenvolupar la seva activitat i des d&#039;on s&#039;impulsa el comer\u00e7 sostenible i de proximitat.\",\"publisher\":{\"@id\":\"https:\/\/agrariatordera.com\/#organization\"},\"potentialAction\":[{\"@type\":\"SearchAction\",\"target\":{\"@type\":\"EntryPoint\",\"urlTemplate\":\"https:\/\/agrariatordera.com\/?s={search_term_string}\"},\"query-input\":\"required name=search_term_string\"}],\"inLanguage\":\"es\"},{\"@type\":\"Organization\",\"@id\":\"https:\/\/agrariatordera.com\/#organization\",\"name\":\"Agr\u00e0ria La Baixa Tordera\",\"url\":\"https:\/\/agrariatordera.com\/\",\"logo\":{\"@type\":\"ImageObject\",\"inLanguage\":\"es\",\"@id\":\"https:\/\/agrariatordera.com\/#\/schema\/logo\/image\/\",\"url\":\"https:\/\/i1.wp.com\/agrariatordera.com\/wp-content\/uploads\/2021\/01\/agraria-color-scaled.jpg?fit=2560%2C823&ssl=1\",\"contentUrl\":\"https:\/\/i1.wp.com\/agrariatordera.com\/wp-content\/uploads\/2021\/01\/agraria-color-scaled.jpg?fit=2560%2C823&ssl=1\",\"width\":2560,\"height\":823,\"caption\":\"Agr\u00e0ria La Baixa Tordera\"},\"image\":{\"@id\":\"https:\/\/agrariatordera.com\/#\/schema\/logo\/image\/\"}}]}<\/script>\n<!-- \/ Yoast SEO plugin. -->","yoast_head_json":{"title":"Pol\u00edtica cookies - Cooperativa Agraria Tordera","robots":{"index":"index","follow":"follow","max-snippet":"max-snippet:-1","max-image-preview":"max-image-preview:large","max-video-preview":"max-video-preview:-1"},"canonical":"https:\/\/agrariatordera.com\/?page_id=2396","og_locale":"es_ES","og_type":"article","og_title":"Pol\u00edtica cookies - Cooperativa Agraria Tordera","og_description":"Pol\u00edtica de Cookies Informaci\u00f3n general de las cookies La confianza del usuario es importante para nosotros, y por consiguiente, en&nbsp;AGRARIA LA BAIXA TORDERA, SCCL&nbsp;nos preocupa proteger su privacidad.&nbsp;Un aspecto importante de esto es proporcionarle toda la informaci\u00f3n posible sobre c\u00f3mo utilizamos tus datos de car\u00e1cter personal, incluso c\u00f3mo utilizamos el almacenamiento local de datos y&hellip;&nbsp;Leer m\u00e1s &raquo;Pol\u00edtica cookies","og_url":"https:\/\/agrariatordera.com\/?page_id=2396","og_site_name":"Cooperativa Agraria Tordera","article_modified_time":"2023-01-26T11:09:46+00:00","twitter_card":"summary_large_image","twitter_misc":{"Tiempo de lectura":"7 minutos"},"schema":{"@context":"https:\/\/schema.org","@graph":[{"@type":"WebPage","@id":"https:\/\/agrariatordera.com\/?page_id=2396","url":"https:\/\/agrariatordera.com\/?page_id=2396","name":"Pol\u00edtica cookies - Cooperativa Agraria Tordera","isPartOf":{"@id":"https:\/\/agrariatordera.com\/#website"},"datePublished":"2023-01-26T10:31:18+00:00","dateModified":"2023-01-26T11:09:46+00:00","breadcrumb":{"@id":"https:\/\/agrariatordera.com\/?page_id=2396#breadcrumb"},"inLanguage":"es","potentialAction":[{"@type":"ReadAction","target":["https:\/\/agrariatordera.com\/?page_id=2396"]}]},{"@type":"BreadcrumbList","@id":"https:\/\/agrariatordera.com\/?page_id=2396#breadcrumb","itemListElement":[{"@type":"ListItem","position":1,"name":"Portada","item":"https:\/\/agrariatordera.com\/"},{"@type":"ListItem","position":2,"name":"Pol\u00edtica cookies"}]},{"@type":"WebSite","@id":"https:\/\/agrariatordera.com\/#website","url":"https:\/\/agrariatordera.com\/","name":"Cooperativa Agraria Tordera","description":"Espai on l\u2019agricultor i el ramader poden trobar tot el material i serveis necessaris per desenvolupar la seva activitat i des d&#039;on s&#039;impulsa el comer\u00e7 sostenible i de proximitat.","publisher":{"@id":"https:\/\/agrariatordera.com\/#organization"},"potentialAction":[{"@type":"SearchAction","target":{"@type":"EntryPoint","urlTemplate":"https:\/\/agrariatordera.com\/?s={search_term_string}"},"query-input":"required name=search_term_string"}],"inLanguage":"es"},{"@type":"Organization","@id":"https:\/\/agrariatordera.com\/#organization","name":"Agr\u00e0ria La Baixa Tordera","url":"https:\/\/agrariatordera.com\/","logo":{"@type":"ImageObject","inLanguage":"es","@id":"https:\/\/agrariatordera.com\/#\/schema\/logo\/image\/","url":"https:\/\/i1.wp.com\/agrariatordera.com\/wp-content\/uploads\/2021\/01\/agraria-color-scaled.jpg?fit=2560%2C823&ssl=1","contentUrl":"https:\/\/i1.wp.com\/agrariatordera.com\/wp-content\/uploads\/2021\/01\/agraria-color-scaled.jpg?fit=2560%2C823&ssl=1","width":2560,"height":823,"caption":"Agr\u00e0ria La Baixa Tordera"},"image":{"@id":"https:\/\/agrariatordera.com\/#\/schema\/logo\/image\/"}}]}},"jetpack_sharing_enabled":true,"_links":{"self":[{"href":"https:\/\/agrariatordera.com\/index.php?rest_route=\/wp\/v2\/pages\/2396"}],"collection":[{"href":"https:\/\/agrariatordera.com\/index.php?rest_route=\/wp\/v2\/pages"}],"about":[{"href":"https:\/\/agrariatordera.com\/index.php?rest_route=\/wp\/v2\/types\/page"}],"author":[{"embeddable":true,"href":"https:\/\/agrariatordera.com\/index.php?rest_route=\/wp\/v2\/users\/1"}],"replies":[{"embeddable":true,"href":"https:\/\/agrariatordera.com\/index.php?rest_route=%2Fwp%2Fv2%2Fcomments&post=2396"}],"version-history":[{"count":8,"href":"https:\/\/agrariatordera.com\/index.php?rest_route=\/wp\/v2\/pages\/2396\/revisions"}],"predecessor-version":[{"id":2454,"href":"https:\/\/agrariatordera.com\/index.php?rest_route=\/wp\/v2\/pages\/2396\/revisions\/2454"}],"wp:attachment":[{"href":"https:\/\/agrariatordera.com\/index.php?rest_route=%2Fwp%2Fv2%2Fmedia&parent=2396"}],"curies":[{"name":"wp","href":"https:\/\/api.w.org\/{rel}","templated":true}]}}