{"id":2388,"date":"2023-01-26T10:24:44","date_gmt":"2023-01-26T10:24:44","guid":{"rendered":"https:\/\/agrariatordera.com\/?page_id=2388"},"modified":"2023-01-26T11:09:03","modified_gmt":"2023-01-26T11:09:03","slug":"aviso-legal","status":"publish","type":"page","link":"https:\/\/agrariatordera.com\/?page_id=2388","title":{"rendered":"Aviso legal"},"content":{"rendered":"\t\t<div data-elementor-type=\"wp-page\" data-elementor-id=\"2388\" class=\"elementor elementor-2388\">\n\t\t\t\t\t\t<section class=\"elementor-section elementor-top-section elementor-element elementor-element-9371e75 elementor-section-boxed elementor-section-height-default elementor-section-height-default\" data-id=\"9371e75\" data-element_type=\"section\">\n\t\t\t\t\t\t<div class=\"elementor-container elementor-column-gap-default\">\n\t\t\t\t\t<div class=\"elementor-column elementor-col-100 elementor-top-column elementor-element elementor-element-97f62e2\" data-id=\"97f62e2\" data-element_type=\"column\">\n\t\t\t<div class=\"elementor-widget-wrap elementor-element-populated\">\n\t\t\t\t\t\t<div class=\"elementor-element elementor-element-6337641 elementor-widget elementor-widget-heading\" data-id=\"6337641\" data-element_type=\"widget\" data-widget_type=\"heading.default\">\n\t\t\t\t<div class=\"elementor-widget-container\">\n\t\t\t\t\t<h2 class=\"elementor-heading-title elementor-size-default\">Aviso legal <\/h2>\t\t\t\t<\/div>\n\t\t\t\t<\/div>\n\t\t\t\t\t<\/div>\n\t\t<\/div>\n\t\t\t\t\t<\/div>\n\t\t<\/section>\n\t\t\t\t<section class=\"elementor-section elementor-top-section elementor-element elementor-element-7a0efdc elementor-section-boxed elementor-section-height-default elementor-section-height-default\" data-id=\"7a0efdc\" data-element_type=\"section\">\n\t\t\t\t\t\t<div class=\"elementor-container elementor-column-gap-default\">\n\t\t\t\t\t<div class=\"elementor-column elementor-col-100 elementor-top-column elementor-element elementor-element-8966352\" data-id=\"8966352\" data-element_type=\"column\">\n\t\t\t<div class=\"elementor-widget-wrap elementor-element-populated\">\n\t\t\t\t\t\t<div class=\"elementor-element elementor-element-926f57e elementor-widget elementor-widget-text-editor\" data-id=\"926f57e\" data-element_type=\"widget\" data-widget_type=\"text-editor.default\">\n\t\t\t\t<div class=\"elementor-widget-container\">\n\t\t\t\t\t\t\t\t\t<h4><span>AVISO LEGAL<\/span><\/h4><p><strong><span>Objeto y aceptaci\u00f3n<\/span><\/strong><\/p><p><span>El presente aviso legal regula el uso de nuestro sitio web, del que es titular\u00a0<\/span><strong><span>AGRARIA LA BAIXA TORDERA, SCCL<\/span><\/strong><span>\u00a0.\u00a0La navegaci\u00f3n por el sitio web de\u00a0<\/span><strong><span>AGRARIA LA BAIXA TORDERA, SCCL<\/span><\/strong><span>\u00a0atribuye la condici\u00f3n de usuario del mismo e implica la aceptaci\u00f3n plena y sin reservas de todas y cada una de las disposiciones incluidas en este Aviso Legal, que pueden sufrir modificaciones.\u00a0Usted se obliga a hacer un uso correcto del sitio web de conformidad con las leyes, la buena fe, el orden p\u00fablico, los usos del tr\u00e1fico y el presente\u00a0<\/span><strong><span>Aviso Legal<\/span><\/strong><span>\u00a0.\u00a0El usted responder\u00e1 frente a\u00a0<\/span><strong><span>AGRARIA LA BAIXA TORDERA, SCCL<\/span><\/strong><span>o frente a terceros, de da\u00f1os y perjuicios que puedan causarle como consecuencia del incumplimiento de dicha obligaci\u00f3n.<\/span><\/p><p><strong><span>Identificacion y comunicaciones<\/span><\/strong><\/p><p><strong><span>AGRARIA LA BAIXA TORDERA, SCCL<\/span><\/strong><span>\u00a0, en cumplimiento de la Ley 34\/2002, de 11 de julio, de servicios de la sociedad de la informaci\u00f3n y de comercio electr\u00f3nico, le informa de que:<\/span><\/p><ul><li><span>Su denominaci\u00f3n social es:\u00a0<\/span><strong><span>AGRARIA LA BAIXA TORDERA, SCCL<\/span><\/strong><\/li><li><span>Su CIF es:\u00a0<\/span><strong><span>F60433745<\/span><\/strong><\/li><li><span>Su domicilio social est\u00e1 en:\u00a0<\/span><strong><span>CAMI RAL, 13 &#8211; (08490) TORDERA<\/span><\/strong><\/li><\/ul><p><span>Para comunicarse con nosotros, ponemos a su disposici\u00f3n diferentes medios de contacto especificados en la\u00a0<\/span><strong><span>pol\u00edtica de privacidad<\/span><\/strong><span>\u00a0.<\/span><\/p><p><span>Todas las notificaciones y comunicaciones que realicen con\u00a0<\/span><strong><span>AGRARIA LA BAIXA TORDERA, SCCL<\/span><\/strong><span>\u00a0se considerar\u00e1n eficaces, a todos los efectos, siempre y cuando se realicen por los medios especificados anteriormente<\/span><\/p><p><strong><span>Condiciones de acceso y uso<\/span><\/strong><\/p><p><span>El sitio web y sus servicios son de acceso libre, no obstante,\u00a0<\/span><strong><span>AGRARIA LA BAIXA TORDERA, SCCL<\/span><\/strong><span>\u00a0condiciona la utilizaci\u00f3n de algunos de los servicios ofrecidos en su web a la previa cumplimentaci\u00f3n del correspondiente formulario.<\/span><\/p><p><span>Usted garantiza la autenticidad y actualidad de todos aquellos datos que comunique a\u00a0<\/span><strong><span>AGRARIA LA BAIXA TORDERA, SCCL<\/span><\/strong><span>\u00a0y ser\u00e1 el \u00fanico responsable de las manifestaciones falsas o inexactas que realice.<\/span><\/p><p><span>Usted se compromete expresamente a hacer un uso adecuado de los contenidos y servicios de EL\u00a0<\/span><strong><span>AGRARIA LA BAIXA TORDERA, SCCL<\/span><\/strong><span>\u00a0ya no emplearlos para, entre otros:<\/span><\/p><ul><li><span>Difundir contenidos, delictivos, violentos, pornogr\u00e1ficos, racistas, xen\u00f3fobo, ofensivos, de apolog\u00eda del terrorismo o, en general, contrarios a la ley o al orden p\u00fablico.<\/span><\/li><li><span>Introducir en la red virus inform\u00e1ticos o realizar actuaciones susceptibles de alterar, estropear, interrumpir o generar errores o da\u00f1os en los documentos electr\u00f3nicos, datos o sistemas f\u00edsicos y l\u00f3gicos de\u00a0<\/span><strong><span>AGRARIA LA BAIXA TORDERA, SCCL<\/span><\/strong><span>\u00a0o de terceras personas;\u00a0as\u00ed como obstaculizar el acceso de otros usuarios al sitio web ya sus servicios mediante el consumo masivo de los recursos inform\u00e1ticos a trav\u00e9s de los cuales\u00a0<\/span><strong><span>AGRARIA LA BAIXA TORDERA, SCCL<\/span><\/strong><span>\u00a0presta sus servicios.<\/span><\/li><li><span>Intentar acceder a datos de otras personas oa \u00e1reas restringidas de los sistemas inform\u00e1ticos de\u00a0<\/span><strong><span>AGRARIA LA BAIXA TORDERA, SCCL<\/span><\/strong><span>\u00a0o de terceros y, en su caso, extraer informaci\u00f3n.<\/span><\/li><li><span>Vulnerar los derechos de propiedad intelectual o industrial, as\u00ed como violar la confidencialidad de la informaci\u00f3n de\u00a0<\/span><strong><span>AGRARIA LA BAIXA TORDERA, SCCL<\/span><\/strong><span>\u00a0o de terceros.<\/span><\/li><li><span>Suplantar la identidad de otro usuario, de las administraciones p\u00fablicas o de un tercero.<\/span><\/li><li><span>Reproducir, copiar, distribuir, poner a disposici\u00f3n o de cualquier otra forma comunicar p\u00fablicamente, transformar o modificar los contenidos, a menos que se cuente con la autorizaci\u00f3n del titular de los correspondientes derechos o ello resulte legalmente permitido.<\/span><\/li><li><span>Recabar datos con finalidad publicitaria y de remitir publicidad de cualquier clase y comunicaciones con multas de venta u otras de naturaleza comercial sin que medie su previa solicitud o consentimiento.<\/span><\/li><\/ul><p><span>Todos los contenidos del sitio web, como textos, fotograf\u00edas, gr\u00e1ficos, im\u00e1genes, iconos, tecnolog\u00eda, software, as\u00ed como su dise\u00f1o gr\u00e1fico y c\u00f3digos fuente, constituyen una obra cuya propiedad pertenece a\u00a0<\/span><strong><span>AGRARIA LA BAIXA TORDERA, SCCL<\/span><\/strong><span>\u00a0, sin que puedan entenderse como cedidos ninguno de los derechos de explotaci\u00f3n sobre los mismos m\u00e1s all\u00e1 de lo estrictamente necesario para el correcto uso de la web.<\/span><\/p><p><span>En definitiva, usted que acceda a este sitio web, puede visualizar los contenidos y realizar, en su caso, copias privadas autorizadas siempre que los elementos reproducidos no sean cedidos posteriormente a terceros, ni se instalen a servidores conectados a redes, ni sean objeto de ningun tipo de explotacion.<\/span><\/p><p><span>Asimismo, todas las marcas, nombres comerciales o signos distintivos de cualquier clase que aparecen en el sitio web son propiedad de\u00a0<\/span><strong><span>AGRARIA LA BAIXA TORDERA, SCCL<\/span><\/strong><span>\u00a0, sin que pueda entenderse que el uso o acceso al mismo le atribuya derecho alguno sobre los mismos.<\/span><\/p><p><span>La distribuci\u00f3n, modificaci\u00f3n, cesi\u00f3n o comunicaci\u00f3n p\u00fablica de los contenidos y cualquier otro acto que no haya sido expresamente autorizado por el titular de los derechos de explotaci\u00f3n quedan prohibidos.<\/span><\/p><p><span>El establecimiento de un hiperenlace no implica en ning\u00fan caso la existencia de relaciones entre\u00a0<\/span><strong><span>AGRARIA LA BAIXA TORDERA, SCCL<\/span><\/strong><span>\u00a0y el propietario del sitio web en la que se estableci\u00f3, ni la aceptaci\u00f3n y aprobaci\u00f3n por parte de\u00a0<\/span><strong><span>AGRARIA LA BAIXA TORDERA, SCCL<\/span><\/strong><span>\u00a0de sus contenidos o servicios.\u00a0Aquellas personas que se propongan establecer un hiperenlace previamente deber\u00e1n solicitar autorizaci\u00f3n por escrito a\u00a0<\/span><strong><span>AGRARIA LA BAIXA TORDERA, SCCL<\/span><\/strong><span>.\u00a0En todo caso, el hiperenlace \u00fanicamente permitir\u00e1 el acceso a la home-page o p\u00e1gina de inicio de nuestro sitio web, adem\u00e1s deber\u00e1 abstenerse de realizar manifestaciones o indicaciones falsas, inexactas o incorrectas sobre AGRARIA LA BAIXA TORDERA, SCCL, o incluir contenidos il\u00edcitos, contrarios a las buenas costumbres y al orden p\u00fablico.<\/span><\/p><p><strong><span>AGRARIA LA BAIXA TORDERA, SCCL<\/span><\/strong><span>\u00a0no se responsabiliza del uso que cada usuario le d\u00e9 a los materiales puestos a disposici\u00f3n en este sitio web ni de las actuaciones que realice en base a los mismos.<\/span><\/p><p><strong><span>Exclusi\u00f3n de garant\u00edas y de responsabilidad<\/span><\/strong><\/p><p><strong><span>AGRARIA LA BAIXA TORDERA, SCCL<\/span><\/strong><span>\u00a0excluye, hasta donde permite el ordenamiento jur\u00eddico, cualquier responsabilidad por los da\u00f1os y perjuicios de toda naturaleza derivada de:<\/span><\/p><ul><li><span>La imposibilidad de acceso al sitio web o la falta de veracidad, exactitud, exhaustividad y\/o actualidad de los contenidos, as\u00ed como la existencia de vicios y defectos de toda clase de los contenidos transmitidos, difundidos, almacenados, puestos a disposici\u00f3n a los que se haya accedido a trav\u00e9s del sitio web o de los servicios que se ofrecen.<\/span><\/li><li><span>La presencia de virus o de otros elementos en los contenidos que pueden producir alteraciones en los sistemas inform\u00e1ticos, documentos electr\u00f3nicos o datos de los usuarios.<\/span><\/li><li><span>El incumplimiento de las leyes, la buena fe, el orden p\u00fablico, los usos del tr\u00e1fico y el presente aviso legal como consecuencia del uso incorrecto del sitio web.\u00a0En particular, ya modo ejemplificativo,\u00a0<\/span><strong><span>AGRARIA LA BAIXA TORDERA, SCCL<\/span><\/strong><span>\u00a0no se hace responsable de las actuaciones de terceros que vulneren derechos de propiedad intelectual e industrial, secretos empresariales, derechos al honor, a la intimidad personal y familiar ya la propia imagen, as\u00ed como la normativa en materia de competencia desleal y publicidad il\u00edcita.<\/span><\/li><\/ul><p><span>Asimismo,\u00a0<\/span><strong><span>AGRARIA LA BAIXA TORDERA, SCCL<\/span><\/strong><span>\u00a0declina cualquier responsabilidad con respecto a la informaci\u00f3n que se halle fuera de esta web y no sea gestionada directamente por nuestro webmaster.\u00a0La funci\u00f3n de los enlaces que aparecen en esta web es exclusivamente la de informar al usuario sobre la existencia de otras fuentes susceptibles de ampliar los contenidos que ofrece este sitio web.\u00a0<\/span><strong><span>AGRARIA LA BAIXA TORDERA, SCCL<\/span><\/strong><span>\u00a0no garantiza ni se responsabiliza del funcionamiento o accesibilidad de los sitios enlazados;\u00a0ni sugiere, invita o recomienda la visita a los mismos, por lo que tampoco ser\u00e1 responsable del resultado obtenido.\u00a0<\/span><strong><span>AGRARIA LA BAIXA TORDERA, SCCL<\/span><\/strong><span>\u00a0no se responsabiliza del establecimiento de hiperv\u00ednculos por parte de terceros.<\/span><\/p><p><strong><span>Procedimiento en caso de realizaci\u00f3n de actividades de car\u00e1cter il\u00edcito<\/span><\/strong><\/p><p><span>En el caso de que usted o un tercero considere que existen hechos o circunstancias que revelan el car\u00e1cter il\u00edcito de la utilizaci\u00f3n de cualquier contenido y\/o de la realizaci\u00f3n de cualquier actividad en las p\u00e1ginas web incluidas o accesibles a trav\u00e9s del sitio web, deber\u00e1 ponerse en contacto con\u00a0<\/span><strong><span>AGRARIA LA BAIXA TORDERA, SCCL<\/span><\/strong><span>\u00a0identific\u00e1ndose debidamente, especificando las supuestas infracciones y declarando expresamente y bajo su responsabilidad que la informaci\u00f3n proporcionada en la notificaci\u00f3n es exacta.<\/span><\/p><p><span>Para toda cuesti\u00f3n litigiosa que incumba al sitio web de\u00a0<\/span><strong><span>AGRARIA LA BAIXA TORDERA, SCCL<\/span><\/strong><span>\u00a0, ser\u00e1 de aplicaci\u00f3n la legislaci\u00f3n espa\u00f1ola, siendo competentes los Juzgados y Tribunales m\u00e1s cercanos a la sede de<\/span><span>(Espa\u00f1a).<\/span><\/p><p><strong><span>Publicaciones<\/span><\/strong><\/p><p><span>La informaci\u00f3n administrativa facilitada a trav\u00e9s del sitio web no reemplaza la publicidad legal de las leyes, normativas, planes, disposiciones generales y actos que tienen que ser publicados formalmente a los diarios oficiales de las administraciones p\u00fablicas, que constituye el \u00fanico instrumento que da fe de su autenticidad y contenido.\u00a0La informaci\u00f3n disponible en este sitio web debe entenderse como una gu\u00eda sin prop\u00f3sito de validez legal.<\/span><\/p>\t\t\t\t\t\t\t\t<\/div>\n\t\t\t\t<\/div>\n\t\t\t\t\t<\/div>\n\t\t<\/div>\n\t\t\t\t\t<\/div>\n\t\t<\/section>\n\t\t\t\t<\/div>\n\t\t","protected":false},"excerpt":{"rendered":"<p>Aviso legal AVISO LEGAL Objeto y aceptaci\u00f3n El presente aviso legal regula el uso de nuestro sitio web, del que es titular&nbsp;AGRARIA LA BAIXA TORDERA, SCCL&nbsp;.&nbsp;La navegaci\u00f3n por el sitio web de&nbsp;AGRARIA LA BAIXA TORDERA, SCCL&nbsp;atribuye la condici\u00f3n de usuario del mismo e implica la aceptaci\u00f3n plena y sin reservas de todas y cada una&hellip;&nbsp;<a href=\"https:\/\/agrariatordera.com\/?page_id=2388\" class=\"\" rel=\"bookmark\">Leer m\u00e1s &raquo;<span class=\"screen-reader-text\">Aviso legal<\/span><\/a><\/p>\n","protected":false},"author":1,"featured_media":0,"parent":0,"menu_order":0,"comment_status":"closed","ping_status":"closed","template":"page-templates\/template-pagebuilder-full-width.php","meta":{"neve_meta_sidebar":"full-width","neve_meta_container":"","neve_meta_enable_content_width":"on","neve_meta_content_width":100,"neve_meta_title_alignment":"","neve_meta_author_avatar":"","neve_post_elements_order":"","neve_meta_disable_header":"","neve_meta_disable_footer":"","neve_meta_disable_title":"on","footnotes":""},"yoast_head":"<!-- This site is optimized with the Yoast SEO plugin v22.6 - https:\/\/yoast.com\/wordpress\/plugins\/seo\/ -->\n<title>Aviso legal - Cooperativa Agraria Tordera<\/title>\n<meta name=\"robots\" content=\"index, follow, max-snippet:-1, max-image-preview:large, max-video-preview:-1\" \/>\n<link rel=\"canonical\" href=\"https:\/\/agrariatordera.com\/?page_id=2388\" \/>\n<meta property=\"og:locale\" content=\"es_ES\" \/>\n<meta property=\"og:type\" content=\"article\" \/>\n<meta property=\"og:title\" content=\"Aviso legal - Cooperativa Agraria Tordera\" \/>\n<meta property=\"og:description\" content=\"Aviso legal AVISO LEGAL Objeto y aceptaci\u00f3n El presente aviso legal regula el uso de nuestro sitio web, del que es titular&nbsp;AGRARIA LA BAIXA TORDERA, SCCL&nbsp;.&nbsp;La navegaci\u00f3n por el sitio web de&nbsp;AGRARIA LA BAIXA TORDERA, SCCL&nbsp;atribuye la condici\u00f3n de usuario del mismo e implica la aceptaci\u00f3n plena y sin reservas de todas y cada una&hellip;&nbsp;Leer m\u00e1s &raquo;Aviso legal\" \/>\n<meta property=\"og:url\" content=\"https:\/\/agrariatordera.com\/?page_id=2388\" \/>\n<meta property=\"og:site_name\" content=\"Cooperativa Agraria Tordera\" \/>\n<meta property=\"article:modified_time\" content=\"2023-01-26T11:09:03+00:00\" \/>\n<meta name=\"twitter:card\" content=\"summary_large_image\" \/>\n<meta name=\"twitter:label1\" content=\"Tiempo de lectura\" \/>\n\t<meta name=\"twitter:data1\" content=\"7 minutos\" \/>\n<script type=\"application\/ld+json\" class=\"yoast-schema-graph\">{\"@context\":\"https:\/\/schema.org\",\"@graph\":[{\"@type\":\"WebPage\",\"@id\":\"https:\/\/agrariatordera.com\/?page_id=2388\",\"url\":\"https:\/\/agrariatordera.com\/?page_id=2388\",\"name\":\"Aviso legal - Cooperativa Agraria Tordera\",\"isPartOf\":{\"@id\":\"https:\/\/agrariatordera.com\/#website\"},\"datePublished\":\"2023-01-26T10:24:44+00:00\",\"dateModified\":\"2023-01-26T11:09:03+00:00\",\"breadcrumb\":{\"@id\":\"https:\/\/agrariatordera.com\/?page_id=2388#breadcrumb\"},\"inLanguage\":\"es\",\"potentialAction\":[{\"@type\":\"ReadAction\",\"target\":[\"https:\/\/agrariatordera.com\/?page_id=2388\"]}]},{\"@type\":\"BreadcrumbList\",\"@id\":\"https:\/\/agrariatordera.com\/?page_id=2388#breadcrumb\",\"itemListElement\":[{\"@type\":\"ListItem\",\"position\":1,\"name\":\"Portada\",\"item\":\"https:\/\/agrariatordera.com\/\"},{\"@type\":\"ListItem\",\"position\":2,\"name\":\"Aviso legal\"}]},{\"@type\":\"WebSite\",\"@id\":\"https:\/\/agrariatordera.com\/#website\",\"url\":\"https:\/\/agrariatordera.com\/\",\"name\":\"Cooperativa Agraria Tordera\",\"description\":\"Espai on l\u2019agricultor i el ramader poden trobar tot el material i serveis necessaris per desenvolupar la seva activitat i des d&#039;on s&#039;impulsa el comer\u00e7 sostenible i de proximitat.\",\"publisher\":{\"@id\":\"https:\/\/agrariatordera.com\/#organization\"},\"potentialAction\":[{\"@type\":\"SearchAction\",\"target\":{\"@type\":\"EntryPoint\",\"urlTemplate\":\"https:\/\/agrariatordera.com\/?s={search_term_string}\"},\"query-input\":\"required name=search_term_string\"}],\"inLanguage\":\"es\"},{\"@type\":\"Organization\",\"@id\":\"https:\/\/agrariatordera.com\/#organization\",\"name\":\"Agr\u00e0ria La Baixa Tordera\",\"url\":\"https:\/\/agrariatordera.com\/\",\"logo\":{\"@type\":\"ImageObject\",\"inLanguage\":\"es\",\"@id\":\"https:\/\/agrariatordera.com\/#\/schema\/logo\/image\/\",\"url\":\"https:\/\/i1.wp.com\/agrariatordera.com\/wp-content\/uploads\/2021\/01\/agraria-color-scaled.jpg?fit=2560%2C823&ssl=1\",\"contentUrl\":\"https:\/\/i1.wp.com\/agrariatordera.com\/wp-content\/uploads\/2021\/01\/agraria-color-scaled.jpg?fit=2560%2C823&ssl=1\",\"width\":2560,\"height\":823,\"caption\":\"Agr\u00e0ria La Baixa Tordera\"},\"image\":{\"@id\":\"https:\/\/agrariatordera.com\/#\/schema\/logo\/image\/\"}}]}<\/script>\n<!-- \/ Yoast SEO plugin. -->","yoast_head_json":{"title":"Aviso legal - Cooperativa Agraria Tordera","robots":{"index":"index","follow":"follow","max-snippet":"max-snippet:-1","max-image-preview":"max-image-preview:large","max-video-preview":"max-video-preview:-1"},"canonical":"https:\/\/agrariatordera.com\/?page_id=2388","og_locale":"es_ES","og_type":"article","og_title":"Aviso legal - Cooperativa Agraria Tordera","og_description":"Aviso legal AVISO LEGAL Objeto y aceptaci\u00f3n El presente aviso legal regula el uso de nuestro sitio web, del que es titular&nbsp;AGRARIA LA BAIXA TORDERA, SCCL&nbsp;.&nbsp;La navegaci\u00f3n por el sitio web de&nbsp;AGRARIA LA BAIXA TORDERA, SCCL&nbsp;atribuye la condici\u00f3n de usuario del mismo e implica la aceptaci\u00f3n plena y sin reservas de todas y cada una&hellip;&nbsp;Leer m\u00e1s &raquo;Aviso legal","og_url":"https:\/\/agrariatordera.com\/?page_id=2388","og_site_name":"Cooperativa Agraria Tordera","article_modified_time":"2023-01-26T11:09:03+00:00","twitter_card":"summary_large_image","twitter_misc":{"Tiempo de lectura":"7 minutos"},"schema":{"@context":"https:\/\/schema.org","@graph":[{"@type":"WebPage","@id":"https:\/\/agrariatordera.com\/?page_id=2388","url":"https:\/\/agrariatordera.com\/?page_id=2388","name":"Aviso legal - Cooperativa Agraria Tordera","isPartOf":{"@id":"https:\/\/agrariatordera.com\/#website"},"datePublished":"2023-01-26T10:24:44+00:00","dateModified":"2023-01-26T11:09:03+00:00","breadcrumb":{"@id":"https:\/\/agrariatordera.com\/?page_id=2388#breadcrumb"},"inLanguage":"es","potentialAction":[{"@type":"ReadAction","target":["https:\/\/agrariatordera.com\/?page_id=2388"]}]},{"@type":"BreadcrumbList","@id":"https:\/\/agrariatordera.com\/?page_id=2388#breadcrumb","itemListElement":[{"@type":"ListItem","position":1,"name":"Portada","item":"https:\/\/agrariatordera.com\/"},{"@type":"ListItem","position":2,"name":"Aviso legal"}]},{"@type":"WebSite","@id":"https:\/\/agrariatordera.com\/#website","url":"https:\/\/agrariatordera.com\/","name":"Cooperativa Agraria Tordera","description":"Espai on l\u2019agricultor i el ramader poden trobar tot el material i serveis necessaris per desenvolupar la seva activitat i des d&#039;on s&#039;impulsa el comer\u00e7 sostenible i de proximitat.","publisher":{"@id":"https:\/\/agrariatordera.com\/#organization"},"potentialAction":[{"@type":"SearchAction","target":{"@type":"EntryPoint","urlTemplate":"https:\/\/agrariatordera.com\/?s={search_term_string}"},"query-input":"required name=search_term_string"}],"inLanguage":"es"},{"@type":"Organization","@id":"https:\/\/agrariatordera.com\/#organization","name":"Agr\u00e0ria La Baixa Tordera","url":"https:\/\/agrariatordera.com\/","logo":{"@type":"ImageObject","inLanguage":"es","@id":"https:\/\/agrariatordera.com\/#\/schema\/logo\/image\/","url":"https:\/\/i1.wp.com\/agrariatordera.com\/wp-content\/uploads\/2021\/01\/agraria-color-scaled.jpg?fit=2560%2C823&ssl=1","contentUrl":"https:\/\/i1.wp.com\/agrariatordera.com\/wp-content\/uploads\/2021\/01\/agraria-color-scaled.jpg?fit=2560%2C823&ssl=1","width":2560,"height":823,"caption":"Agr\u00e0ria La Baixa Tordera"},"image":{"@id":"https:\/\/agrariatordera.com\/#\/schema\/logo\/image\/"}}]}},"jetpack_sharing_enabled":true,"_links":{"self":[{"href":"https:\/\/agrariatordera.com\/index.php?rest_route=\/wp\/v2\/pages\/2388"}],"collection":[{"href":"https:\/\/agrariatordera.com\/index.php?rest_route=\/wp\/v2\/pages"}],"about":[{"href":"https:\/\/agrariatordera.com\/index.php?rest_route=\/wp\/v2\/types\/page"}],"author":[{"embeddable":true,"href":"https:\/\/agrariatordera.com\/index.php?rest_route=\/wp\/v2\/users\/1"}],"replies":[{"embeddable":true,"href":"https:\/\/agrariatordera.com\/index.php?rest_route=%2Fwp%2Fv2%2Fcomments&post=2388"}],"version-history":[{"count":5,"href":"https:\/\/agrariatordera.com\/index.php?rest_route=\/wp\/v2\/pages\/2388\/revisions"}],"predecessor-version":[{"id":2452,"href":"https:\/\/agrariatordera.com\/index.php?rest_route=\/wp\/v2\/pages\/2388\/revisions\/2452"}],"wp:attachment":[{"href":"https:\/\/agrariatordera.com\/index.php?rest_route=%2Fwp%2Fv2%2Fmedia&parent=2388"}],"curies":[{"name":"wp","href":"https:\/\/api.w.org\/{rel}","templated":true}]}}