{"id":2378,"date":"2023-01-26T10:05:33","date_gmt":"2023-01-26T10:05:33","guid":{"rendered":"https:\/\/agrariatordera.com\/?page_id=2378"},"modified":"2023-01-26T11:11:41","modified_gmt":"2023-01-26T11:11:41","slug":"politica-privacidad","status":"publish","type":"page","link":"https:\/\/agrariatordera.com\/?page_id=2378","title":{"rendered":"Pol\u00edtica privacidad"},"content":{"rendered":"\t\t<div data-elementor-type=\"wp-page\" data-elementor-id=\"2378\" class=\"elementor elementor-2378\">\n\t\t\t\t\t\t<section class=\"elementor-section elementor-top-section elementor-element elementor-element-8026383 elementor-section-boxed elementor-section-height-default elementor-section-height-default\" data-id=\"8026383\" data-element_type=\"section\">\n\t\t\t\t\t\t<div class=\"elementor-container elementor-column-gap-default\">\n\t\t\t\t\t<div class=\"elementor-column elementor-col-100 elementor-top-column elementor-element elementor-element-6c606ce\" data-id=\"6c606ce\" data-element_type=\"column\">\n\t\t\t<div class=\"elementor-widget-wrap elementor-element-populated\">\n\t\t\t\t\t\t<div class=\"elementor-element elementor-element-3206cbb elementor-widget elementor-widget-heading\" data-id=\"3206cbb\" data-element_type=\"widget\" data-widget_type=\"heading.default\">\n\t\t\t\t<div class=\"elementor-widget-container\">\n\t\t\t\t\t<h2 class=\"elementor-heading-title elementor-size-default\">INFORMACI\u00d3N SOBRE PROTECCI\u00d3N DE DATOS <\/h2>\t\t\t\t<\/div>\n\t\t\t\t<\/div>\n\t\t\t\t\t<\/div>\n\t\t<\/div>\n\t\t\t\t\t<\/div>\n\t\t<\/section>\n\t\t\t\t<section class=\"elementor-section elementor-top-section elementor-element elementor-element-c8a07cf elementor-section-boxed elementor-section-height-default elementor-section-height-default\" data-id=\"c8a07cf\" data-element_type=\"section\">\n\t\t\t\t\t\t<div class=\"elementor-container elementor-column-gap-default\">\n\t\t\t\t\t<div class=\"elementor-column elementor-col-100 elementor-top-column elementor-element elementor-element-bdec708\" data-id=\"bdec708\" data-element_type=\"column\">\n\t\t\t<div class=\"elementor-widget-wrap elementor-element-populated\">\n\t\t\t\t\t\t<div class=\"elementor-element elementor-element-c6c624f elementor-widget elementor-widget-text-editor\" data-id=\"c6c624f\" data-element_type=\"widget\" data-widget_type=\"text-editor.default\">\n\t\t\t\t<div class=\"elementor-widget-container\">\n\t\t\t\t\t\t\t\t\t<div id=\"modalFormulario\" class=\"modal fade in\" tabindex=\"-1\" role=\"dialog\"><div class=\"modal-dialog modal-lg\"><div class=\"modal-content\"><div id=\"modalFormulario_result\" class=\"modal-body\"><form id=\"data_form\"><div class=\"row\"><div class=\"col-xs-12 col-sm-12\"><div id=\"widget-box-10\" class=\"widget-box col-xs-12 \"><div class=\"widget-body row\"><div class=\"col-xs-12 col-sm-12 row\"><div class=\"widget-body\"><div class=\"widget-body row\"><div class=\"input-icon-text input-group col-xs-12 col-sm-12 pull-left\"><div id=\"widget-container-col-12\" class=\"col-xs-10 widget-container-col ui-sortable\"><div id=\"widget-box-10\" class=\"widget-box ui-sortable-handle\"><div class=\"widget-body\"><div class=\"widget-main padding-6 \"><div class=\"tab-content\"><div id=\"resultTabla\" class=\"tab-pane in active\"><div id=\"formulario_datos\"><div class=\"widget-body\"><p class=\"widget-body row\"><strong>Datos relativos al Responsable<\/strong><\/p><p class=\"widget-body row\"><b>Responsable Tratamiento<\/b><\/p><p class=\"widget-body row\">\u00a0 &#8211; Entidad: AGRARIA LA BAIXA TORDERA, SCCL<br \/>\u00a0\u00a0&#8211; CIF de la entidad: F60433745<br \/>\u00a0\u00a0&#8211; Direccion de la entidad: CAMI RAL, 13 &#8211; (08490) TORDERA<br \/>\u00a0\u00a0&#8211; Email de la entidad: AGRARIA@COOPTORDERA.CAT<br \/>\u00a0\u00a0&#8211; Responsable del tratamiento : AGRARIA LA BAIXA TORDERA<br \/>\u00a0\u00a0&#8211; Tel\u00e9fono del Responsable del tratamiento : 937640043<br \/>\u00a0\u00a0&#8211; Direcci\u00f3n email del Responsable del tratamiento : AGRARIA@COOPERATIVATORDERA.CAT<\/p><p class=\"widget-body row\"><strong>Finalidades<\/strong><\/p><p class=\"widget-body row\">En cumplimiento de lo dispuesto en el Reglamento Europeo 2016\/679 General de Protecci\u00f3n de Datos y la Ley Org\u00e1nica 3\/2018 de Protecci\u00f3n de Datos Personales y Garant\u00eda de Derechos Digitales, le informamos de que, dependiendo de la relaci\u00f3n que tenga con nosotros, en\u00a0<strong>AGRARIA LA BAIXA TORDERA, SCCL<\/strong>\u00a0tratamos los datos que nos facilitan para alguna, o todas, las siguientes finalidades:<\/p><ul><li>Archivo\/historial de trabajadores y extrabajadores de la empresa<\/li><li>Compra\/venta de bienes y servicios.<\/li><li>Compra\/venta de material<\/li><li>Horario de control<\/li><li>Control y supervisi\u00f3n de la eficiencia y calidad de la entidad<\/li><li>Coordinacion de actividades empresariales<\/li><li>Creaci\u00f3n de contratos, confecci\u00f3n de n\u00f3minas y otras tareas relacionadas<\/li><li>Env\u00edo de informaci\u00f3n comercial de la entidad mediante correo postal, correo electr\u00f3nico u otros<\/li><li>Formaci\u00f3n<\/li><li>Gesti\u00f3n contable, administrativa, de facturaci\u00f3n y gesti\u00f3n de cobros.<\/li><li>Gesti\u00f3n contable, administrativa, de facturaci\u00f3n, de cobros y pagos<\/li><li>Informaci\u00f3n procedente de Cookies<\/li><li>Mantenimiento de la relaci\u00f3n laboral y contraprestaci\u00f3n por los trabajos realizados<\/li><li>Prestarles un servicio<\/li><li>realizar pedidos<\/li><li>Recepci\u00f3n de la prestaci\u00f3n de un servicio<\/li><li>Servicio postventa y fidelizacion<\/li><li>Tramitacion de altas y bajas por enfermedad comun o accidente laboral<\/li><li>tramitacion de presupuestos<\/li><li>Utilizaci\u00f3n de datos derivados de las actividades de la empresa<\/li><li>Vigilancia de instalaciones de la entidad<\/li><\/ul><p>\u00a0<\/p><p><strong>Plazo de conservaci\u00f3n de los datos<\/strong><\/p><p>Sus datos ser\u00e1n conservados por un plazo de tiempo indefinido. En el caso que requiera su eliminaci\u00f3n de forma anticipada, solic\u00edtelo mediante el ejercicio del derecho de supresi\u00f3n. As\u00ed mismo, los datos que por motivos legales deban ser almacenados durante un tiempo necesario para cumplir normas espec\u00edficas, ser\u00e1n bloqueados y \u00fanicamente ser\u00e1n a disposici\u00f3n de la autoridad p\u00fablica correspondiente.<strong>Legitimaci\u00f3n<\/strong>La base legal para el tratamiento de tus datos radica por:<\/p><ul><li>Consentimiento inequ\u00edvoco<\/li><li>Ejecuci\u00f3n de un contrato<\/li><li>Consentimiento inequ\u00edvoco<\/li><li>Consentimiento inequ\u00edvoco<\/li><\/ul><p>\u00a0<\/p><p><strong>Destinatarios<\/strong><\/p><ol><li style=\"list-style-type: none;\">Sus datos personales ser\u00e1n a terceros en los siguientes supuestos:<\/li><\/ol><ul><li>administraci\u00f3n tributaria<\/li><li>bancos y entidades financieras<\/li><li>Entidades de Consultor\u00eda\/Auditor\u00eda<\/li><li>Gestor\u00eda\/Asesor\u00eda<\/li><li>No compartir los datos con terceros.<\/li><li>seguridad social<\/li><li>Servicio de Prevenci\u00f3n de Riesgos Laborales<\/li><\/ul><p>\u00a0<\/p><p><strong>Derechos<\/strong><\/p><p>Tiene derecho a obtener confirmaci\u00f3n sobre si en <strong>AGRARIA LA BAIXA TORDERA, SCCL<\/strong>\u00a0estamos tratando datos personales que le conciernan, o no.<br \/>Asimismo, tiene derecho de acceso a sus datos personales, as\u00ed como a solicitar la\u00a0<em>rectificaci\u00f3n<\/em>\u00a0de los datos inexactos o, en su caso, solicitar su\u00a0<em>supresi\u00f3n<\/em>\u00a0cuando, entre otros motivos, los datos ya no sean necesarios para los finos que fueron recogidos.En determinadas circunstancias, podr\u00e1 solicitar la\u00a0<em>limitaci\u00f3n del tratamiento<\/em>\u00a0de sus datos, en cuyo caso \u00fanicamente los conservaremos para el ejercicio o la defensa de reclamaciones.Adem\u00e1s, en determinadas circunstancias y por motivos relacionados con su situaci\u00f3n particular, podr\u00e1 ejercer el derecho de\u00a0<em>oposici\u00f3n<\/em>\u00a0al tratamiento de sus datos.\u00a0<strong>AGRARIA LA BAIXA TORDERA, SCCL<\/strong>\u00a0dejar de tratar los datos, salvo por motivos leg\u00edtimos imperiosos, o el ejercicio o la defensa de posibles reclamaciones.Asimismo, puede ejercer el derecho a la\u00a0<em>portabilidad<\/em>\u00a0de los datos, as\u00ed como retirar los consentimientos facilitados en cualquier momento, sin que ello afecte a la licitud del tratamiento basado en el consentimiento previo a su retirada.Si desea hacer uso de cualquiera de sus derechos puede realizarlos a trav\u00e9s de los enlaces habilitados que encontrar\u00e1 a continuaci\u00f3n:<\/p><ul><li>Para ejercer su derecho de\u00a0<strong>Acceso<\/strong>\u00a0haga clic\u00a0<a href=\"https:\/\/intranet.laboralrgpd.com\/webApp\/clientes_derechos\/derechos-formulario.php?id_cliente=b21jUno1dFRBTTh3Z3dka1ZoeGU5dz09\" target=\"_blank\" rel=\"noopener\">aqu\u00ed<\/a><\/li><li>Para ejercer su derecho de\u00a0<strong>Rectificaci\u00f3n<\/strong>\u00a0haga clic\u00a0<a href=\"https:\/\/intranet.laboralrgpd.com\/webApp\/clientes_derechos\/derechos-formulario.php?id_cliente=b21jUno1dFRBTTh3Z3dka1ZoeGU5dz09\" target=\"_blank\" rel=\"noopener\">aqu\u00ed<\/a><\/li><li>Para ejercer su derecho de\u00a0<strong>Supresi\u00f3n (Olvido)<\/strong>\u00a0haga clic\u00a0<a href=\"https:\/\/intranet.laboralrgpd.com\/webApp\/clientes_derechos\/derechos-formulario.php?id_cliente=b21jUno1dFRBTTh3Z3dka1ZoeGU5dz09\" target=\"_blank\" rel=\"noopener\">aqu\u00ed<\/a><\/li><li>Para ejercer su derecho de\u00a0<strong>Limitaci\u00f3n del Tratamiento<\/strong>\u00a0haga clic\u00a0<a href=\"https:\/\/intranet.laboralrgpd.com\/webApp\/clientes_derechos\/derechos-formulario.php?id_cliente=b21jUno1dFRBTTh3Z3dka1ZoeGU5dz09\" target=\"_blank\" rel=\"noopener\">aqu\u00ed<\/a><\/li><li>Para ejercer su derecho de\u00a0<strong>Oposici\u00f3n<\/strong>\u00a0haga clic\u00a0<a href=\"https:\/\/intranet.laboralrgpd.com\/webApp\/clientes_derechos\/derechos-formulario.php?id_cliente=b21jUno1dFRBTTh3Z3dka1ZoeGU5dz09\" target=\"_blank\" rel=\"noopener\">aqu\u00ed<\/a><\/li><li>Para ejercer su derecho de\u00a0<strong>portabilidad<\/strong>\u00a0haga clic\u00a0<a href=\"https:\/\/intranet.laboralrgpd.com\/webApp\/clientes_derechos\/derechos-formulario.php?id_cliente=b21jUno1dFRBTTh3Z3dka1ZoeGU5dz09\" target=\"_blank\" rel=\"noopener\">aqu\u00ed<\/a><\/li><\/ul><p>Alternativamente, tambi\u00e9n puede dirigirse a nosotros mediante correo postal a la siguiente direcci\u00f3n:\u00a0<strong>CAMI RAL, 13 &#8211; (08490) TORDERA<\/strong>\u00a0adjuntado una fotocopia del DNI, para la certeza de su identidad.\u00a0Recuerde facilitar la mayor informaci\u00f3n posible sobre su solicitud: Nombre y apellidos, direcci\u00f3n de correo electr\u00f3nico que utiliza para la cuenta o portal objeto de su solicitud.Por \u00faltimo, le informamos que puede dirigirse ante la Agencia Espa\u00f1ola de Protecci\u00f3n de Datos y dem\u00e1s organismos p\u00fablicos competentes para cualquier solicitud derivada del tratamiento de sus datos personales.<\/p><p><strong>Pol\u00edtica de cookies<\/strong><\/p><p>Para conocer las cookies que utilizamos en nuestra p\u00e1gina, recuerde que puede acceder a nuestra Pol\u00edtica de Cookies a trav\u00e9s del siguiente enlace\u00a0<a href=\"https:\/\/intranet.laboralrgpd.com\/politicaCookies\/index.php?sid=b21jUno1dFRBTTh3Z3dka1ZoeGU5dz09\" target=\"_blank\" rel=\"noopener\">pol\u00edtica de cookies<\/a> .<\/p><\/div><\/div><\/div><\/div><\/div><\/div><\/div><\/div><\/div><\/div><\/div><\/div><\/div><\/div><\/div><\/div><\/form><\/div><\/div><\/div><\/div><div id=\"widget-box-10\" class=\"widget-box ui-sortable-handle\"><div class=\"widget-body\"><div class=\"widget-main padding-0\"><div id=\"detalle_prestamos\" class=\"widget-body row\"><div class=\"row\"><div class=\"col-xs-12 col-sm-12\"><div id=\"widget-box-10\" class=\"widget-box col-xs-12 \"><div class=\"widget-header widget-header-small\"><p class=\"widget-title smaller\">\u00a0<\/p><\/div><\/div><\/div><\/div><\/div><\/div><\/div><\/div>\t\t\t\t\t\t\t\t<\/div>\n\t\t\t\t<\/div>\n\t\t\t\t\t<\/div>\n\t\t<\/div>\n\t\t\t\t\t<\/div>\n\t\t<\/section>\n\t\t\t\t<\/div>\n\t\t","protected":false},"excerpt":{"rendered":"<p>INFORMACI\u00d3N SOBRE PROTECCI\u00d3N DE DATOS Datos relativos al Responsable Responsable Tratamiento \u00a0 &#8211; Entidad: AGRARIA LA BAIXA TORDERA, SCCL\u00a0\u00a0&#8211; CIF de la entidad: F60433745\u00a0\u00a0&#8211; Direccion de la entidad: CAMI RAL, 13 &#8211; (08490) TORDERA\u00a0\u00a0&#8211; Email de la entidad: AGRARIA@COOPTORDERA.CAT\u00a0\u00a0&#8211; Responsable del tratamiento : AGRARIA LA BAIXA TORDERA\u00a0\u00a0&#8211; Tel\u00e9fono del Responsable del tratamiento : 937640043\u00a0\u00a0&#8211; Direcci\u00f3n&hellip;&nbsp;<a href=\"https:\/\/agrariatordera.com\/?page_id=2378\" class=\"\" rel=\"bookmark\">Leer m\u00e1s &raquo;<span class=\"screen-reader-text\">Pol\u00edtica privacidad<\/span><\/a><\/p>\n","protected":false},"author":1,"featured_media":0,"parent":0,"menu_order":0,"comment_status":"closed","ping_status":"closed","template":"page-templates\/template-pagebuilder-full-width.php","meta":{"neve_meta_sidebar":"full-width","neve_meta_container":"","neve_meta_enable_content_width":"on","neve_meta_content_width":100,"neve_meta_title_alignment":"","neve_meta_author_avatar":"","neve_post_elements_order":"","neve_meta_disable_header":"","neve_meta_disable_footer":"","neve_meta_disable_title":"on","footnotes":""},"yoast_head":"<!-- This site is optimized with the Yoast SEO plugin v22.6 - https:\/\/yoast.com\/wordpress\/plugins\/seo\/ -->\n<title>Pol\u00edtica privacidad - Cooperativa Agraria Tordera<\/title>\n<meta name=\"robots\" content=\"index, follow, max-snippet:-1, max-image-preview:large, max-video-preview:-1\" \/>\n<link rel=\"canonical\" href=\"https:\/\/agrariatordera.com\/?page_id=2378\" \/>\n<meta property=\"og:locale\" content=\"es_ES\" \/>\n<meta property=\"og:type\" content=\"article\" \/>\n<meta property=\"og:title\" content=\"Pol\u00edtica privacidad - Cooperativa Agraria Tordera\" \/>\n<meta property=\"og:description\" content=\"INFORMACI\u00d3N SOBRE PROTECCI\u00d3N DE DATOS Datos relativos al Responsable Responsable Tratamiento \u00a0 &#8211; Entidad: AGRARIA LA BAIXA TORDERA, SCCL\u00a0\u00a0&#8211; CIF de la entidad: F60433745\u00a0\u00a0&#8211; Direccion de la entidad: CAMI RAL, 13 &#8211; (08490) TORDERA\u00a0\u00a0&#8211; Email de la entidad: AGRARIA@COOPTORDERA.CAT\u00a0\u00a0&#8211; Responsable del tratamiento : AGRARIA LA BAIXA TORDERA\u00a0\u00a0&#8211; Tel\u00e9fono del Responsable del tratamiento : 937640043\u00a0\u00a0&#8211; Direcci\u00f3n&hellip;&nbsp;Leer m\u00e1s &raquo;Pol\u00edtica privacidad\" \/>\n<meta property=\"og:url\" content=\"https:\/\/agrariatordera.com\/?page_id=2378\" \/>\n<meta property=\"og:site_name\" content=\"Cooperativa Agraria Tordera\" \/>\n<meta property=\"article:modified_time\" content=\"2023-01-26T11:11:41+00:00\" \/>\n<meta name=\"twitter:card\" content=\"summary_large_image\" \/>\n<meta name=\"twitter:label1\" content=\"Tiempo de lectura\" \/>\n\t<meta name=\"twitter:data1\" content=\"4 minutos\" \/>\n<script type=\"application\/ld+json\" class=\"yoast-schema-graph\">{\"@context\":\"https:\/\/schema.org\",\"@graph\":[{\"@type\":\"WebPage\",\"@id\":\"https:\/\/agrariatordera.com\/?page_id=2378\",\"url\":\"https:\/\/agrariatordera.com\/?page_id=2378\",\"name\":\"Pol\u00edtica privacidad - Cooperativa Agraria Tordera\",\"isPartOf\":{\"@id\":\"https:\/\/agrariatordera.com\/#website\"},\"datePublished\":\"2023-01-26T10:05:33+00:00\",\"dateModified\":\"2023-01-26T11:11:41+00:00\",\"breadcrumb\":{\"@id\":\"https:\/\/agrariatordera.com\/?page_id=2378#breadcrumb\"},\"inLanguage\":\"es\",\"potentialAction\":[{\"@type\":\"ReadAction\",\"target\":[\"https:\/\/agrariatordera.com\/?page_id=2378\"]}]},{\"@type\":\"BreadcrumbList\",\"@id\":\"https:\/\/agrariatordera.com\/?page_id=2378#breadcrumb\",\"itemListElement\":[{\"@type\":\"ListItem\",\"position\":1,\"name\":\"Portada\",\"item\":\"https:\/\/agrariatordera.com\/\"},{\"@type\":\"ListItem\",\"position\":2,\"name\":\"Pol\u00edtica privacidad\"}]},{\"@type\":\"WebSite\",\"@id\":\"https:\/\/agrariatordera.com\/#website\",\"url\":\"https:\/\/agrariatordera.com\/\",\"name\":\"Cooperativa Agraria Tordera\",\"description\":\"Espai on l\u2019agricultor i el ramader poden trobar tot el material i serveis necessaris per desenvolupar la seva activitat i des d&#039;on s&#039;impulsa el comer\u00e7 sostenible i de proximitat.\",\"publisher\":{\"@id\":\"https:\/\/agrariatordera.com\/#organization\"},\"potentialAction\":[{\"@type\":\"SearchAction\",\"target\":{\"@type\":\"EntryPoint\",\"urlTemplate\":\"https:\/\/agrariatordera.com\/?s={search_term_string}\"},\"query-input\":\"required name=search_term_string\"}],\"inLanguage\":\"es\"},{\"@type\":\"Organization\",\"@id\":\"https:\/\/agrariatordera.com\/#organization\",\"name\":\"Agr\u00e0ria La Baixa Tordera\",\"url\":\"https:\/\/agrariatordera.com\/\",\"logo\":{\"@type\":\"ImageObject\",\"inLanguage\":\"es\",\"@id\":\"https:\/\/agrariatordera.com\/#\/schema\/logo\/image\/\",\"url\":\"https:\/\/i1.wp.com\/agrariatordera.com\/wp-content\/uploads\/2021\/01\/agraria-color-scaled.jpg?fit=2560%2C823&ssl=1\",\"contentUrl\":\"https:\/\/i1.wp.com\/agrariatordera.com\/wp-content\/uploads\/2021\/01\/agraria-color-scaled.jpg?fit=2560%2C823&ssl=1\",\"width\":2560,\"height\":823,\"caption\":\"Agr\u00e0ria La Baixa Tordera\"},\"image\":{\"@id\":\"https:\/\/agrariatordera.com\/#\/schema\/logo\/image\/\"}}]}<\/script>\n<!-- \/ Yoast SEO plugin. -->","yoast_head_json":{"title":"Pol\u00edtica privacidad - Cooperativa Agraria Tordera","robots":{"index":"index","follow":"follow","max-snippet":"max-snippet:-1","max-image-preview":"max-image-preview:large","max-video-preview":"max-video-preview:-1"},"canonical":"https:\/\/agrariatordera.com\/?page_id=2378","og_locale":"es_ES","og_type":"article","og_title":"Pol\u00edtica privacidad - Cooperativa Agraria Tordera","og_description":"INFORMACI\u00d3N SOBRE PROTECCI\u00d3N DE DATOS Datos relativos al Responsable Responsable Tratamiento \u00a0 &#8211; Entidad: AGRARIA LA BAIXA TORDERA, SCCL\u00a0\u00a0&#8211; CIF de la entidad: F60433745\u00a0\u00a0&#8211; Direccion de la entidad: CAMI RAL, 13 &#8211; (08490) TORDERA\u00a0\u00a0&#8211; Email de la entidad: AGRARIA@COOPTORDERA.CAT\u00a0\u00a0&#8211; Responsable del tratamiento : AGRARIA LA BAIXA TORDERA\u00a0\u00a0&#8211; Tel\u00e9fono del Responsable del tratamiento : 937640043\u00a0\u00a0&#8211; Direcci\u00f3n&hellip;&nbsp;Leer m\u00e1s &raquo;Pol\u00edtica privacidad","og_url":"https:\/\/agrariatordera.com\/?page_id=2378","og_site_name":"Cooperativa Agraria Tordera","article_modified_time":"2023-01-26T11:11:41+00:00","twitter_card":"summary_large_image","twitter_misc":{"Tiempo de lectura":"4 minutos"},"schema":{"@context":"https:\/\/schema.org","@graph":[{"@type":"WebPage","@id":"https:\/\/agrariatordera.com\/?page_id=2378","url":"https:\/\/agrariatordera.com\/?page_id=2378","name":"Pol\u00edtica privacidad - Cooperativa Agraria Tordera","isPartOf":{"@id":"https:\/\/agrariatordera.com\/#website"},"datePublished":"2023-01-26T10:05:33+00:00","dateModified":"2023-01-26T11:11:41+00:00","breadcrumb":{"@id":"https:\/\/agrariatordera.com\/?page_id=2378#breadcrumb"},"inLanguage":"es","potentialAction":[{"@type":"ReadAction","target":["https:\/\/agrariatordera.com\/?page_id=2378"]}]},{"@type":"BreadcrumbList","@id":"https:\/\/agrariatordera.com\/?page_id=2378#breadcrumb","itemListElement":[{"@type":"ListItem","position":1,"name":"Portada","item":"https:\/\/agrariatordera.com\/"},{"@type":"ListItem","position":2,"name":"Pol\u00edtica privacidad"}]},{"@type":"WebSite","@id":"https:\/\/agrariatordera.com\/#website","url":"https:\/\/agrariatordera.com\/","name":"Cooperativa Agraria Tordera","description":"Espai on l\u2019agricultor i el ramader poden trobar tot el material i serveis necessaris per desenvolupar la seva activitat i des d&#039;on s&#039;impulsa el comer\u00e7 sostenible i de proximitat.","publisher":{"@id":"https:\/\/agrariatordera.com\/#organization"},"potentialAction":[{"@type":"SearchAction","target":{"@type":"EntryPoint","urlTemplate":"https:\/\/agrariatordera.com\/?s={search_term_string}"},"query-input":"required name=search_term_string"}],"inLanguage":"es"},{"@type":"Organization","@id":"https:\/\/agrariatordera.com\/#organization","name":"Agr\u00e0ria La Baixa Tordera","url":"https:\/\/agrariatordera.com\/","logo":{"@type":"ImageObject","inLanguage":"es","@id":"https:\/\/agrariatordera.com\/#\/schema\/logo\/image\/","url":"https:\/\/i1.wp.com\/agrariatordera.com\/wp-content\/uploads\/2021\/01\/agraria-color-scaled.jpg?fit=2560%2C823&ssl=1","contentUrl":"https:\/\/i1.wp.com\/agrariatordera.com\/wp-content\/uploads\/2021\/01\/agraria-color-scaled.jpg?fit=2560%2C823&ssl=1","width":2560,"height":823,"caption":"Agr\u00e0ria La Baixa Tordera"},"image":{"@id":"https:\/\/agrariatordera.com\/#\/schema\/logo\/image\/"}}]}},"jetpack_sharing_enabled":true,"_links":{"self":[{"href":"https:\/\/agrariatordera.com\/index.php?rest_route=\/wp\/v2\/pages\/2378"}],"collection":[{"href":"https:\/\/agrariatordera.com\/index.php?rest_route=\/wp\/v2\/pages"}],"about":[{"href":"https:\/\/agrariatordera.com\/index.php?rest_route=\/wp\/v2\/types\/page"}],"author":[{"embeddable":true,"href":"https:\/\/agrariatordera.com\/index.php?rest_route=\/wp\/v2\/users\/1"}],"replies":[{"embeddable":true,"href":"https:\/\/agrariatordera.com\/index.php?rest_route=%2Fwp%2Fv2%2Fcomments&post=2378"}],"version-history":[{"count":11,"href":"https:\/\/agrariatordera.com\/index.php?rest_route=\/wp\/v2\/pages\/2378\/revisions"}],"predecessor-version":[{"id":2458,"href":"https:\/\/agrariatordera.com\/index.php?rest_route=\/wp\/v2\/pages\/2378\/revisions\/2458"}],"wp:attachment":[{"href":"https:\/\/agrariatordera.com\/index.php?rest_route=%2Fwp%2Fv2%2Fmedia&parent=2378"}],"curies":[{"name":"wp","href":"https:\/\/api.w.org\/{rel}","templated":true}]}}